{"id":2007,"date":"2020-04-17T13:21:54","date_gmt":"2020-04-17T12:21:54","guid":{"rendered":"https:\/\/skischool.ad\/ski-lessons-in-andorra-private-and-group\/"},"modified":"2026-01-01T21:01:34","modified_gmt":"2026-01-01T20:01:34","slug":"fr","status":"publish","type":"page","link":"https:\/\/skischool.ad\/fr\/","title":{"rendered":"Cours de ski en Andorre. Priv\u00e9 et Groupe"},"content":{"rendered":"<p><!-- epsilon\/hero --><\/p>\n<h2>Cours de ski en Andorre<br \/>\nLe\u00e7ons priv\u00e9es &amp; collectives<\/h2>\n<p>Des moniteurs dipl\u00f4m\u00e9s pour progresser sur les plus belles pistes des Pyr\u00e9n\u00e9es !<br \/>\n<img decoding=\"async\" src=\"https:\/\/skischool.ad\/wp-content\/uploads\/2024\/05\/header-new-min.webp\" \/><br \/>\n<!-- epsilon\/Services --><br \/>\nTOP CLASS<br \/>\nHighly Experienced Instructors<br \/>\n<!-- \/epsilon\/Services--><br \/>\n<!-- epsilon\/Services --><br \/>\nPrivate Lessons<br \/>\nPrivate Lessons for Kids &#038; Adults<br \/>\n<!-- \/epsilon\/Services--><br \/>\n<!-- epsilon\/Services --><br \/>\nGroup Lessons<br \/>\nGroups of 6-13 People<br \/>\n<!-- \/epsilon\/Services--><br \/>\n<!-- \/epsilon\/hero --><\/p>\n<p><!-- epsilon\/specialties --><br \/>\n\u00c0 Propos de Nous<br \/>\nNous sommes les instructeurs d&rsquo;Andorre<br \/>\nFort(e)s de plus de 10 ans d\u2019exp\u00e9rience chacun dans l\u2019enseignement du ski et du snowboard, nous nous perfectionnons constamment pour vous offrir des vacances inoubliables en Andorre.<br \/>\n<!-- epsilon\/Specialties --><br \/>\nExp\u00e9rience<br \/>\n<em>Notre expertise nous permet de vous proposer le cours id\u00e9al.<\/em><br \/>\n<!-- \/epsilon\/Specialties--><br \/>\n<!-- epsilon\/Specialties --><br \/>\nOffres Sp\u00e9ciales<br \/>\n<em>Jusqu\u2019\u00e0 30% de r\u00e9duction sur la location d\u2019\u00e9quipement de ski.<\/em><br \/>\n<!-- \/epsilon\/Specialties--><br \/>\n<!-- epsilon\/Specialties --><br \/>\nSupport<br \/>\n<em>Contactez-nous pour toute question concernant vos cours de ski.<\/em><br \/>\n<!-- \/epsilon\/Specialties--><br \/>\n<!-- epsilon\/Specialties --><br \/>\nPaiement<br \/>\n<em>Paiement s\u00e9curis\u00e9 en ligne par carte bancaire ou Google Pay.<\/em><br \/>\n<!-- \/epsilon\/Specialties--><br \/>\n<!-- epsilon\/Specialties --><br \/>\n\u041d\u0430\u043f\u0438\u0448\u0438\u0442\u0435 \u043d\u0430\u043c<br \/>\n<a href=\"mailto:booking@skiandclub.ru\">booking@skiandclub.ru<\/a><br \/>\n<!-- \/epsilon\/Specialties--><br \/>\n<!-- epsilon\/Specialties --><br \/>\n\u0412\u0440\u0435\u043c\u044f \u0440\u0430\u0431\u043e\u0442\u044b<br \/>\n7.00 &#8211; 23.00<br \/>\n\u0431\u0435\u0437 \u0432\u044b\u0445\u043e\u0434\u043d\u044b\u0445<br \/>\n<!-- \/epsilon\/Specialties--><br \/>\n<!-- epsilon\/Specialties --><br \/>\n\u0414\u043e\u0441\u0442\u0430\u0432\u043a\u0430<br \/>\n\u0412\u044b \u043f\u043e\u043b\u0443\u0447\u0438\u0442\u0435 \u0431\u0438\u043b\u0435\u0442\u044b \u043d\u0430 \u043e\u0431\u0443\u0447\u0435\u043d\u0438\u044f \u0432 \u043e\u0442\u0435\u043b\u0435 \u0432 \u0434\u0435\u043d\u044c \u0432\u0430\u0448\u0435\u0433\u043e \u043f\u0440\u0438\u0435\u0437\u0434\u0430.<br \/>\n<!-- \/epsilon\/Specialties--><br \/>\n<!-- epsilon\/Specialties --><br \/>\nExperiencia<br \/>\nNuestra experiencia nos permite recomendarte la clase perfecta para ti.<br \/>\n<!-- \/epsilon\/Specialties--><br \/>\n<!-- epsilon\/Specialties --><br \/>\nOfertas Especiales<br \/>\n\u00a1Hasta un 30% de descuento en alquiler de equipo de esqu\u00ed!<br \/>\n<!-- \/epsilon\/Specialties--><br \/>\n<!-- epsilon\/Specialties --><br \/>\nSoporte<br \/>\n\u00a1No dudes en contactarnos para cualquier pregunta sobre tus clases de esqu\u00ed!<br \/>\n<!-- \/epsilon\/Specialties--><br \/>\n<!-- epsilon\/Specialties --><br \/>\nOpciones de Pago<br \/>\nPago seguro online con tarjeta bancaria o Google Pay<br \/>\n<!-- \/epsilon\/Specialties--><br \/>\n<!-- epsilon\/Specialties --><br \/>\n\u0412\u043e\u0437\u0432\u0440\u0430\u0442<br \/>\n\u0412\u044b \u043c\u043e\u0436\u0435\u0442\u0435 \u0432\u0435\u0440\u043d\u0443\u0442\u044c \u043e\u043f\u043b\u0430\u0442\u0443 \u0437\u0430 \u043e\u0431\u0443\u0447\u0435\u043d\u0438\u0435 \u0435\u0441\u043b\u0438 \u0432\u0430\u0448\u0438 \u043f\u043b\u0430\u043d\u044b \u0438\u0437\u043c\u0435\u043d\u0438\u043b\u0438\u0441\u044c.<br \/>\n<!-- \/epsilon\/Specialties--><br \/>\n<!-- epsilon\/Specialties --><br \/>\nExperience<br \/>\nOur experience helps us recommend the perfect lesson for you.<br \/>\n<!-- \/epsilon\/Specialties--><br \/>\n<!-- epsilon\/Specialties --><br \/>\nSpecial Offers<br \/>\nGet up to 30% off ski equipment rental with our special discounts.<br \/>\n<!-- \/epsilon\/Specialties--><br \/>\n<!-- epsilon\/Specialties --><br \/>\nSupport<br \/>\nFeel free to contact us with any questions about your ski lessons.<br \/>\n<!-- \/epsilon\/Specialties--><br \/>\n<!-- epsilon\/Specialties --><br \/>\nPayment<\/p>\n<div class=\"sc-lbJcrp cWuUEe segment_list__original-container\" dir=\"ltr\">\n<div>\n<div>\n<div class=\"segm AT-segment_list__original\">\n<div class=\"sc-eXsaLi jsjEWy\">Secure online payment via bank card or Google Pay.<\/div>\n<div class=\"sc-kbdlSk jQFIDY\"><\/div>\n<\/div>\n<\/div>\n<\/div>\n<\/div>\n<div class=\"sc-fKWMtX dvkXTA\"><\/div>\n<p><!-- \/epsilon\/Specialties--><br \/>\n<!-- epsilon\/Specialties --><br \/>\n\u05e0\u05d9\u05e1\u05d9\u05d5\u05df<br \/>\n\u05d4\u05e0\u05d9\u05e1\u05d9\u05d5\u05df \u05e9\u05dc\u05e0\u05d5 \u05de\u05d0\u05e4\u05e9\u05e8 \u05dc\u05e0\u05d5 \u05dc\u05d4\u05de\u05dc\u05d9\u05e5 \u05e2\u05dc \u05d4\u05e9\u05d9\u05e2\u05d5\u05e8 \u05d4\u05de\u05d5\u05e9\u05dc\u05dd \u05e2\u05d1\u05d5\u05e8\u05db\u05dd.<br \/>\n<!-- \/epsilon\/Specialties--><br \/>\n<!-- epsilon\/Specialties --><br \/>\n\u05d4\u05e6\u05e2\u05d5\u05ea \u05de\u05d9\u05d5\u05d7\u05d3\u05d5\u05ea<br \/>\n\u05d4\u05e0\u05d9\u05e1\u05d9\u05d5\u05df \u05e9\u05dc\u05e0\u05d5 \u05de\u05d0\u05e4\u05e9\u05e8 \u05dc\u05e0\u05d5 \u05dc\u05d4\u05de\u05dc\u05d9\u05e5 \u05e2\u05dc \u05d4\u05e9\u05d9\u05e2\u05d5\u05e8 \u05d4\u05de\u05d5\u05e9\u05dc\u05dd \u05e2\u05d1\u05d5\u05e8\u05db\u05dd.<br \/>\n<!-- \/epsilon\/Specialties--><br \/>\n<!-- epsilon\/Specialties --><br \/>\n\u05ea\u05de\u05d9\u05db\u05d4<br \/>\n\u05d0\u05e0\u05d0 \u05e6\u05e8\u05d5 \u05d0\u05d9\u05ea\u05e0\u05d5 \u05e7\u05e9\u05e8 \u05e2\u05dd \u05db\u05dc \u05e9\u05d0\u05dc\u05d4 \u05d1\u05e0\u05d5\u05d2\u05e2 \u05dc\u05e9\u05d9\u05e2\u05d5\u05e8\u05d9 \u05d4\u05e1\u05e7\u05d9 \u05e9\u05dc\u05db\u05dd.<br \/>\n<!-- \/epsilon\/Specialties--><br \/>\n<!-- epsilon\/Specialties --><br \/>\n\u05d0\u05de\u05e6\u05e2\u05d9 \u05ea\u05e9\u05dc\u05d5\u05dd<br \/>\n\u05ea\u05e9\u05dc\u05d5\u05dd \u05de\u05d0\u05d5\u05d1\u05d8\u05d7 \u05d1\u05d0\u05d9\u05e0\u05d8\u05e8\u05e0\u05d8 \u05d1\u05d0\u05de\u05e6\u05e2\u05d5\u05ea \u05db\u05e8\u05d8\u05d9\u05e1 \u05d1\u05e0\u05e7 \u05d0\u05d5 Google Pay.<br \/>\n<!-- \/epsilon\/Specialties--><br \/>\n<!-- \/epsilon\/specialties --><\/p>\n<p><!-- epsilon\/about --><\/p>\n<h3>Moniteurs de ski exp\u00e9riment\u00e9s<\/h3>\n<p>Notre \u00e9cole propose diff\u00e9rents formats de cours pour apprendre \u00e0 skier en Andorre. Nous offrons des le\u00e7ons collectives, particuli\u00e8res et premium avec moniteurs qualifi\u00e9s. Nos experts recommandent et r\u00e9servent le format id\u00e9al pour vous.<br \/>\n<img decoding=\"async\" src=\"https:\/\/skischool.ad\/wp-content\/uploads\/2020\/04\/znaki-3-1.jpg\" \/><br \/>\n<!-- epsilon\/About --><br \/>\nTOP  CLASS<br \/>\n<em>Moniteurs de ski professionnels certifi\u00e9s pour tous niveaux. Id\u00e9al pour perfectionner votre technique ou vivre une premi\u00e8re exp\u00e9rience neige.<\/em><br \/>\n<!-- \/epsilon\/About--><br \/>\n<!-- epsilon\/About --><br \/>\nCours Particuliers<br \/>\n<em>Le\u00e7ons priv\u00e9es de ski : m\u00e9thode ultra-efficace pour progresser. Nos moniteurs certifi\u00e9s en Andorre cr\u00e9ent un programme 100% personnalis\u00e9.<\/em><br \/>\n<!-- \/epsilon\/About--><br \/>\n<!-- epsilon\/About --><br \/>\nCours Collectifs<br \/>\n<em>S\u00e9ances de ski alpin de 3h en groupes multilingues (6+ pers.). Niveaux homog\u00e8nes. M\u00e9thodologie adapt\u00e9e aux cours collectifs.<\/em><br \/>\n<!-- \/epsilon\/About--><br \/>\n<!-- epsilon\/About --><br \/>\nTop Class Instructor<\/p>\n<p style=\"text-align: justify;\"><em>Certified professional ski instructors for all skill levels. Perfect for both improving your technique and your first skiing experience.<\/em><\/p>\n<p><!-- \/epsilon\/About--><br \/>\n<!-- epsilon\/About --><br \/>\nPrivate Lesson<\/p>\n<p style=\"text-align: justify;\"><em>Private ski lessons are an effective way to learn skiing techniques. Our certified instructor in Andorra will create a personalized training program for you.<\/em><\/p>\n<p><!-- \/epsilon\/About--><br \/>\n<!-- epsilon\/About --><br \/>\nGroup Lessons<\/p>\n<p style=\"text-align: justify;\"><em>3-hour group ski lessons in multilingual groups of 6+ people. Groups are organized by skill level. Instruction follows a standard group format.<\/em><\/p>\n<p><!-- \/epsilon\/About--><br \/>\n<!-- epsilon\/About --><br \/>\nTOP CLASS<br \/>\n<em>Monitores profesionales de esqu\u00ed certificados para todos los niveles. Perfecto tanto para mejorar tu t\u00e9cnica como para tu primera experiencia en la nieve.<\/em><br \/>\n<!-- \/epsilon\/About--><br \/>\n<!-- epsilon\/About --><br \/>\nClases particulares<br \/>\n<em>Clases privadas de esqu\u00ed: el m\u00e9todo m\u00e1s efectivo para aprender t\u00e9cnica. Nuestros monitores certificado en Andorra crear\u00e1 un programa personalizado para ti.<\/em><br \/>\n<!-- \/epsilon\/About--><br \/>\n<!-- epsilon\/About --><br \/>\nClases colectivas<br \/>\n<em>Clases colectivas de esqu\u00ed alpino de 3 horas en grupos <span class=\"error-spellcheck\" data-word=\"multiling\u00fces\" data-suggestion=\"multilaterales\">multiling\u00fces<\/span> (6+ personas). Grupos organizados por nivel. Metodolog\u00eda est\u00e1ndar para clases colectivas.<\/em><br \/>\n<!-- \/epsilon\/About--><br \/>\n<!-- epsilon\/About --><br \/>\n\u05de\u05d3\u05e8\u05d9\u05da \u05de\u05d4\u05e9\u05d5\u05e8\u05d4 \u05d4\u05e8\u05d0\u05e9\u05d5\u05e0\u05d4<br \/>\n<em>\u05de\u05d3\u05e8\u05d9\u05db\u05d9 \u05e1\u05e7\u05d9 \u05de\u05d5\u05e1\u05de\u05db\u05d9\u05dd \u05dc\u05db\u05dc \u05d4\u05e8\u05de\u05d5\u05ea \u2013 \u05d4\u05e9\u05d9\u05e4\u05d5\u05e8 \u05d4\u05d8\u05db\u05e0\u05d9\u05e7\u05d4, \u05d4\u05d1\u05d9\u05d8\u05d7\u05d5\u05df \u05e9\u05dc\u05da \u05d5\u05d7\u05d5\u05d5\u05d9\u05d4 \u05de\u05d5\u05e9\u05dc\u05de\u05ea \u05e2\u05dc \u05de\u05d3\u05e8\u05d5\u05e0\u05d5\u05ea \u05d4\u05d0\u05e0\u05d3\u05d5\u05e8\u05d4 \u05d4\u05de\u05e8\u05d4\u05d9\u05d1\u05d9\u05dd!<\/em><br \/>\n<!-- \/epsilon\/About--><br \/>\n<!-- epsilon\/About --><br \/>\n\u05e9\u05d9\u05e2\u05d5\u05e8 \u05e1\u05e7\u05d9 \u05e4\u05e8\u05d8\u05d9<br \/>\n<em>\u05e9\u05d9\u05e2\u05d5\u05e8\u05d9 \u05e1\u05e7\u05d9 \u05e4\u05e8\u05d8\u05d9\u05d9\u05dd &#8211; \u05d4\u05d3\u05e8\u05da \u05d4\u05d9\u05e2\u05d9\u05dc\u05d4 \u05d1\u05d9\u05d5\u05ea\u05e8 \u05dc\u05dc\u05de\u05d5\u05d3 \u05d8\u05db\u05e0\u05d9\u05e7\u05d5\u05ea \u05d2\u05dc\u05d9\u05e9\u05d4! \u05d4\u05de\u05d3\u05e8\u05d9\u05da \u05d4\u05de\u05d5\u05e1\u05de\u05da \u05e9\u05dc\u05e0\u05d5 \u05d1\u05d0\u05e0\u05d3\u05d5\u05e8\u05d4 \u05d9\u05ea\u05d0\u05d9\u05dd \u05e2\u05d1\u05d5\u05e8\u05db\u05dd \u05ea\u05d5\u05db\u05e0\u05d9\u05ea \u05d0\u05d9\u05de\u05d5\u05e0\u05d9\u05dd \u05d0\u05d9\u05e9\u05d9\u05ea.<\/em><br \/>\n<!-- \/epsilon\/About--><br \/>\n<!-- epsilon\/About --><br \/>\n\u05e9\u05d9\u05e2\u05d5\u05e8\u05d9 \u05e1\u05e7\u05d9 \u05e7\u05d1\u05d5\u05e6\u05ea\u05d9\u05d9\u05dd<br \/>\n<em>\u05e9\u05d9\u05e2\u05d5\u05e8\u05d9 \u05e1\u05e7\u05d9 \u05e7\u05d1\u05d5\u05e6\u05ea\u05d9\u05d9\u05dd \u05d1\u05ea 3 \u05e9\u05e2\u05d5\u05ea, \u05d1\u05e7\u05d1\u05d5\u05e6\u05d5\u05ea \u05e8\u05d1-\u05dc\u05e9\u05d5\u05e0\u05d9\u05d5\u05ea \u05de-6 \u05de\u05e9\u05ea\u05ea\u05e4\u05d9\u05dd \u05d5\u05de\u05e2\u05dc\u05d4. \u05d4\u05e7\u05d1\u05d5\u05e6\u05d5\u05ea \u05de\u05d7\u05d5\u05dc\u05e7\u05d5\u05ea \u05dc\u05e4\u05d9 \u05e8\u05de\u05ea \u05de\u05d9\u05d5\u05de\u05e0\u05d5\u05ea, \u05e2\u05dd \u05ea\u05d5\u05db\u05e0\u05d9\u05ea \u05dc\u05d9\u05de\u05d5\u05d3\u05d9\u05dd \u05e7\u05d1\u05d5\u05e6\u05ea\u05d9\u05ea \u05e1\u05d8\u05e0\u05d3\u05e8\u05d8\u05d9\u05ea.<\/em><br \/>\n<!-- \/epsilon\/About--><br \/>\n<!-- \/epsilon\/about --><\/p>\n<p><!-- epsilon\/openhours --><\/p>\n<h1>Cours de ski en Andorre<\/h1>\n<p class=\"text-center\">Les cours de ski vous aident \u00e0 ma\u00eetriser les techniques rapidement. Les le\u00e7ons acc\u00e9l\u00e8rent vos progr\u00e8s. Nos moniteurs analysent votre niveau, proposent des am\u00e9liorations et adaptent les pistes \u00e0 vos capacit\u00e9s.<\/p>\n<p><img decoding=\"async\" src=\"https:\/\/skischool.ad\/wp-content\/uploads\/2020\/04\/monitor-back-2-lite.jpg\" \/><br \/>\n<!-- epsilon\/Schedule --><br \/>\nGrandvalira<br \/>\n9:00 &#8211; 17:00<br \/>\n<!-- \/epsilon\/Schedule--><br \/>\n<!-- epsilon\/Schedule --><br \/>\nArcalis<br \/>\n9:00 &#8211; 17:00<br \/>\n<!-- \/epsilon\/Schedule--><br \/>\n<!-- epsilon\/Schedule --><br \/>\nArinsal<br \/>\n9:00 &#8211; 17:00<br \/>\n<!-- \/epsilon\/Schedule--><br \/>\n<!-- epsilon\/Schedule --><br \/>\nPal<br \/>\n9:00 &#8211; 17:00<br \/>\n<!-- \/epsilon\/Schedule--><br \/>\n<!-- \/epsilon\/openhours --><\/p>\n<p><!-- epsilon\/appointment --><br \/>\n<strong>R\u00e9server maintenant<\/strong><br \/>\n<img decoding=\"async\" src=\"https:\/\/skischool.ad\/wp-content\/uploads\/2020\/04\/stolb-1.jpg\" \/><br \/>\n<!-- \/epsilon\/appointment --><\/p>\n<p><!-- epsilon\/testimonials --><\/p>\n<h3>\u00c0 propos des moniteurs<\/h3>\n<p><!-- epsilon\/Testimonials --><br \/>\nMicha\u00ebl<br \/>\n\u00ab\u00a0Un \u00e9norme merci \u00e0 Christo pour nos vacances ski trop cool en Andorre ! Ses conseils de pro et ses cours de ski trop bien foutus ont tout d\u00e9chir\u00e9. 100% r\u00e9ussite !\u00a0\u00bb<br \/>\n<img decoding=\"async\" src=\"https:\/\/skischool.ad\/wp-content\/uploads\/2020\/04\/poplavsky.jpg\" \/><br \/>\n<!-- \/epsilon\/Testimonials--><br \/>\n<!-- epsilon\/Testimonials --><br \/>\n\u00c9va<br \/>\n\u00ab\u00a0Notre exp\u00e9rience avec les cours de ski en Andorre a \u00e9t\u00e9 trop g\u00e9niale gr\u00e2ce \u00e0 notre moniteur Marius ! Il a \u00e9t\u00e9 hyper patient et pro \u00e0 fond. Gros merci aussi \u00e0 Antoine et Olivie pour avoir d\u00e9got\u00e9 les meilleurs moniteurs et pour leur aide de ouf pendant tout le s\u00e9jour !\u00a0\u00bb<br \/>\n<img decoding=\"async\" src=\"https:\/\/skischool.ad\/wp-content\/uploads\/2020\/04\/ivanzov.jpg\" \/><br \/>\n<!-- \/epsilon\/Testimonials--><br \/>\n<!-- epsilon\/Testimonials --><br \/>\nLana<br \/>\n\u00ab\u00a0Cette ann\u00e9e, on voulait que notre gosse se remette au ski en Andorre. M\u00eame s&rsquo;il \u00e9tait pas d\u00e9butant, \u00e7a faisait des ann\u00e9es qu&rsquo;il avait pas chauss\u00e9 les skis ! On a pris des cours pro avec \u00c9milie (notre super monitrice), et on a \u00e9t\u00e9 bluff\u00e9s par ses explications hyper claires : technique, pistes adapt\u00e9es, matos, bons plans locaux&#8230; Bref, une coach de ouf !\u00a0\u00bb<br \/>\n<img decoding=\"async\" src=\"https:\/\/skischool.ad\/wp-content\/uploads\/2020\/04\/bezrukova.jpg\" \/><br \/>\n<!-- \/epsilon\/Testimonials--><br \/>\n<!-- epsilon\/Testimonials --><br \/>\nNathalie<br \/>\n\u00ab\u00a0On a kiff\u00e9 nos cours en famille en Andorre avec notre moniteur Davy ! Son approche pro et psychologique a cr\u00e9\u00e9 une ambiance de ouf. Entre fous rires, progr\u00e8s et moments magiques en montagne, c&rsquo;\u00e9tait que du bonheur !\u00a0\u00bb<br \/>\n<img decoding=\"async\" src=\"https:\/\/skischool.ad\/wp-content\/uploads\/2020\/04\/kovalenko.jpg\" \/><br \/>\n<!-- \/epsilon\/Testimonials--><br \/>\n<!-- epsilon\/Testimonials --><br \/>\n\u05dc\u05e0\u05d4<br \/>\n\u05d4\u05e9\u05e0\u05d4 \u05d4\u05d9\u05d9\u05e0\u05d5 \u05e6\u05e8\u05d9\u05db\u05d9\u05dd \u05dc\u05d4\u05d7\u05d6\u05d9\u05e8 \u05d0\u05ea \u05d4\u05d9\u05dc\u05d3 \u05e9\u05dc\u05e0\u05d5 \u05dc\u05d2\u05dc\u05d5\u05e9 \u05d1\u05d0\u05e0\u05d3\u05d5\u05e8\u05d4 \u2013 \u05d5\u05d4\u05e9\u05d9\u05e2\u05d5\u05e8\u05d9\u05dd \u05e2\u05dd \u05d0\u05de\u05d9\u05dc\u05d9 \u05d4\u05e4\u05db\u05d5 \u05d0\u05ea \u05d6\u05d4 \u05dc\u05d7\u05d5\u05d5\u05d9\u05d4 \u05de\u05d5\u05e9\u05dc\u05de\u05ea! \u05d4\u05d5\u05d0 \u05dc\u05d0 \u05d4\u05d9\u05d4 \u05de\u05ea\u05d7\u05d9\u05dc \u05de\u05d5\u05d7\u05dc\u05d8, \u05d0\u05d1\u05dc \u05dc\u05d0 \u05d2\u05dc\u05e9 \u05e9\u05e0\u05d9\u05dd. \u05d4\u05d6\u05de\u05e0\u05d5 \u05e9\u05d9\u05e2\u05d5\u05e8\u05d9 \u05e1\u05e7\u05d9 \u05de\u05e7\u05e6\u05d5\u05e2\u05d9\u05d9\u05dd \u05d1\u05d0\u05e0\u05d3\u05d5\u05e8\u05d4 \u05e2\u05dd \u05d4\u05de\u05d3\u05e8\u05d9\u05db\u05d4 \u05d0\u05de\u05d9\u05dc\u05d9, \u05d5\u05d4\u05d5\u05e4\u05ea\u05e2\u05e0\u05d5 \u05de\u05d4\u05d4\u05e1\u05d1\u05e8\u05d9\u05dd \u05d4\u05d1\u05e8\u05d5\u05e8\u05d9\u05dd \u05d5\u05d4\u05de\u05e4\u05d5\u05e8\u05d8\u05d9\u05dd \u05e9\u05dc\u05d4 \u05dc\u05db\u05dc \u05e9\u05d0\u05dc\u05d4 \u2013 \u05dc\u05d0 \u05e8\u05e7 \u05e2\u05dc \u05d8\u05db\u05e0\u05d9\u05e7\u05ea \u05d2\u05dc\u05d9\u05e9\u05d4, \u05d0\u05dc\u05d0 \u05d2\u05dd \u05e2\u05dc \u05d4\u05de\u05e1\u05dc\u05d5\u05dc\u05d9\u05dd \u05d4\u05de\u05d5\u05de\u05dc\u05e6\u05d9\u05dd, \u05d4\u05e6\u05d9\u05d5\u05d3 \u05d5\u05d4\u05d8\u05d9\u05e4\u05d9\u05dd \u05d4\u05de\u05e7\u05d5\u05de\u05d9\u05d9\u05dd. \u05d4\u05d4\u05d3\u05e8\u05db\u05d4 \u05e9\u05dc\u05d4 \u05e4\u05e9\u05d5\u05d8 \u05d9\u05d5\u05e6\u05d0\u05ea \u05de\u05df \u05d4\u05db\u05dc\u05dc!<br \/>\n<img decoding=\"async\" src=\"https:\/\/skischool.ad\/wp-content\/uploads\/2020\/04\/bezrukova.jpg\" \/><br \/>\n<!-- \/epsilon\/Testimonials--><br \/>\n<!-- epsilon\/Testimonials --><br \/>\n\u05e2\u05d5\u05d5\u05d4<br \/>\n456<br \/>\n<img decoding=\"async\" src=\"https:\/\/skischool.ad\/wp-content\/uploads\/2020\/04\/ivanzov.jpg\" \/><br \/>\n<!-- \/epsilon\/Testimonials--><br \/>\n<!-- epsilon\/Testimonials --><br \/>\n\u05de\u05d9\u05db\u05d0\u05dc<br \/>\n456<br \/>\n<img decoding=\"async\" src=\"https:\/\/skischool.ad\/wp-content\/uploads\/2020\/04\/poplavsky.jpg\" \/><br \/>\n<!-- \/epsilon\/Testimonials--><br \/>\n<!-- epsilon\/Testimonials --><br \/>\n\u05e0\u05d8\u05dc\u05d9<br \/>\n789<br \/>\n<img decoding=\"async\" src=\"https:\/\/skischool.ad\/wp-content\/uploads\/2020\/04\/kovalenko.jpg\" \/><br \/>\n<!-- \/epsilon\/Testimonials--><br \/>\n<!-- epsilon\/Testimonials --><br \/>\nLana<br \/>\n\u00ab\u00a0This year, we needed to get our child back on skis in Andorra. While not a complete beginner, they hadn\u2019t skied in years. We booked professional ski lessons in Andorra with instructor Emily, and were amazed by her clear, detailed answers to every question\u2014not just about skiing technique, but also about the best slopes, equipment, and local tips. Truly exceptional guidance!\u00a0\u00bb<br \/>\n<img decoding=\"async\" src=\"https:\/\/skischool.ad\/wp-content\/uploads\/2020\/04\/bezrukova.jpg\" \/><br \/>\n<!-- \/epsilon\/Testimonials--><br \/>\n<!-- epsilon\/Testimonials --><br \/>\nMIchael<br \/>\n\u00ab\u00a0Many thanks to Christopher for organizing our perfect Andorra ski holiday! His expert advice on trip planning and professional ski lessons in Andorra made it a 100% success.\u00a0\u00bb<br \/>\n<img decoding=\"async\" src=\"https:\/\/skischool.ad\/wp-content\/uploads\/2020\/04\/poplavsky.jpg\" \/><br \/>\n<!-- \/epsilon\/Testimonials--><br \/>\n<!-- epsilon\/Testimonials --><br \/>\nEva Q<br \/>\n\u00ab\u00a0Our experience with ski lessons in Andorra was outstanding thanks to instructor Mario \u2013 his patience and professionalism were exceptional. Big thanks also to Anthony and Olivia for their perfect instructor match and seamless support throughout our trip!\u00a0\u00bb<br \/>\n<img decoding=\"async\" src=\"https:\/\/skischool.ad\/wp-content\/uploads\/2020\/04\/ivanzov.jpg\" \/><br \/>\n<!-- \/epsilon\/Testimonials--><br \/>\n<!-- epsilon\/Testimonials --><br \/>\nNatali<br \/>\n\u00ab\u00a0We absolutely loved our family ski lessons in Andorra with instructor Daniel! His expert teaching combined with a psychologist\u2019s approach created the perfect learning environment. Every moment was filled with laughter, progress, and unforgettable mountain joy!\u00a0\u00bb<br \/>\n<img decoding=\"async\" src=\"https:\/\/skischool.ad\/wp-content\/uploads\/2020\/04\/kovalenko.jpg\" \/><br \/>\n<!-- \/epsilon\/Testimonials--><br \/>\n<!-- epsilon\/Testimonials --><br \/>\nMiguel<br \/>\n\u00ab\u00a0\u00a1Muchas gracias a Crist\u00f3bal por organizar nuestras vacaciones de esqu\u00ed perfectas en Andorra! Sus consejos expertos y clases profesionales hicieron que todo fuera un \u00e9xito rotundo.\u00a0\u00bb<br \/>\n<img decoding=\"async\" src=\"https:\/\/skischool.ad\/wp-content\/uploads\/2020\/04\/poplavsky.jpg\" \/><br \/>\n<!-- \/epsilon\/Testimonials--><br \/>\n<!-- epsilon\/Testimonials --><br \/>\nEva<br \/>\n\u00ab\u00a0\u00a1Nuestra experiencia con las clases de esqu\u00ed en Andorra fue incre\u00edble gracias al monitor Mario! Su paciencia y profesionalismo fueron excepcionales. \u00a1Tambi\u00e9n un gran agradecimiento a Antonio y Olivia por su perfecta elecci\u00f3n de monitores y apoyo durante todo el viaje!\u00a0\u00bb<br \/>\n<img decoding=\"async\" src=\"https:\/\/skischool.ad\/wp-content\/uploads\/2020\/04\/ivanzov.jpg\" \/><br \/>\n<!-- \/epsilon\/Testimonials--><br \/>\n<!-- epsilon\/Testimonials --><br \/>\nElena<br \/>\n\u00ab\u00a0Este a\u00f1o necesit\u00e1bamos que nuestro hijo retomara el esqu\u00ed en Andorra. Aunque no era principiante total, llevaba a\u00f1os sin practicar. Reservamos clases profesionales con la monitora Emilia, y nos sorprendieron sus explicaciones claras y detalladas sobre t\u00e9cnica, las mejores pistas, equipamiento y consejos locales. \u00a1Una gu\u00eda excepcional!\u00a0\u00bb<br \/>\n<img decoding=\"async\" src=\"https:\/\/skischool.ad\/wp-content\/uploads\/2020\/04\/bezrukova.jpg\" \/><br \/>\n<!-- \/epsilon\/Testimonials--><br \/>\n<!-- epsilon\/Testimonials --><br \/>\nNatalia<br \/>\n\u00ab\u00a0\u00a1Nos encantaron nuestras clases familiares en Andorra con el monitor David! Su ense\u00f1anza experta, con enfoque psicol\u00f3gico, cre\u00f3 el ambiente perfecto. Cada momento tuvo risas, progreso y \u00a1alegr\u00eda inolvidable en la monta\u00f1a!\u00a0\u00bb<br \/>\n<img decoding=\"async\" src=\"https:\/\/skischool.ad\/wp-content\/uploads\/2020\/04\/kovalenko.jpg\" \/><br \/>\n<!-- \/epsilon\/Testimonials--><br \/>\n<!-- \/epsilon\/testimonials --><\/p>\n","protected":false},"excerpt":{"rendered":"<p>Cours de ski en Andorre Le\u00e7ons priv\u00e9es &amp; collectives Des moniteurs dipl\u00f4m\u00e9s pour progresser sur les plus belles pistes des Pyr\u00e9n\u00e9es ! TOP CLASS Highly Experienced Instructors Private Lessons Private Lessons for Kids &#038; Adults Group Lessons Groups of 6-13 People \u00c0 Propos de Nous Nous sommes les instructeurs d&rsquo;Andorre Fort(e)s de plus de 10 [&hellip;]<\/p>\n","protected":false},"author":1,"featured_media":1554,"parent":0,"menu_order":0,"comment_status":"closed","ping_status":"closed","template":"","meta":{"footnotes":""},"class_list":["post-2007","page","type-page","status-publish","has-post-thumbnail","hentry"],"_links":{"self":[{"href":"https:\/\/skischool.ad\/fr\/wp-json\/wp\/v2\/pages\/2007","targetHints":{"allow":["GET"]}}],"collection":[{"href":"https:\/\/skischool.ad\/fr\/wp-json\/wp\/v2\/pages"}],"about":[{"href":"https:\/\/skischool.ad\/fr\/wp-json\/wp\/v2\/types\/page"}],"author":[{"embeddable":true,"href":"https:\/\/skischool.ad\/fr\/wp-json\/wp\/v2\/users\/1"}],"replies":[{"embeddable":true,"href":"https:\/\/skischool.ad\/fr\/wp-json\/wp\/v2\/comments?post=2007"}],"version-history":[{"count":1,"href":"https:\/\/skischool.ad\/fr\/wp-json\/wp\/v2\/pages\/2007\/revisions"}],"predecessor-version":[{"id":2412,"href":"https:\/\/skischool.ad\/fr\/wp-json\/wp\/v2\/pages\/2007\/revisions\/2412"}],"wp:featuredmedia":[{"embeddable":true,"href":"https:\/\/skischool.ad\/fr\/wp-json\/wp\/v2\/media\/1554"}],"wp:attachment":[{"href":"https:\/\/skischool.ad\/fr\/wp-json\/wp\/v2\/media?parent=2007"}],"curies":[{"name":"wp","href":"https:\/\/api.w.org\/{rel}","templated":true}]}}