{"id":1777,"date":"2020-04-17T13:21:54","date_gmt":"2020-04-17T12:21:54","guid":{"rendered":"https:\/\/skischool.ad\/ski-lessons-in-andorra-private-and-group\/"},"modified":"2026-01-01T21:01:34","modified_gmt":"2026-01-01T20:01:34","slug":"he","status":"publish","type":"page","link":"https:\/\/skischool.ad\/he\/","title":{"rendered":"\u05e9\u05d9\u05e2\u05d5\u05e8\u05d9 \u05e1\u05e7\u05d9 \u05d1\u05d0\u05e0\u05d3\u05d5\u05e8\u05d4"},"content":{"rendered":"<p><!-- epsilon\/hero --><\/p>\n<h2>\u05e9\u05d9\u05e2\u05d5\u05e8\u05d9 \u05e1\u05e7\u05d9 \u05d1\u05d0\u05e0\u05d3\u05d5\u05e8\u05d4 <\/br> \u05e4\u05e8\u05d8\u05d9 \u05d5\u05e7\u05d1\u05d5\u05e6\u05ea\u05d9<\/h2>\n<p>\u05de\u05d3\u05e8\u05d9\u05db\u05d9 \u05e1\u05e7\u05d9 \u05de\u05e7\u05e6\u05d5\u05e2\u05d9\u05d9\u05dd \u05d1\u05d0\u05e0\u05d3\u05d5\u05e8\u05d4 &#8211; \u05d4\u05d6\u05de\u05d9\u05e0\u05d5 \u05e9\u05d9\u05e2\u05d5\u05e8 \u05d4\u05d9\u05d5\u05dd!<br \/>\n<img decoding=\"async\" src=\"https:\/\/skischool.ad\/wp-content\/uploads\/2024\/05\/header-new-min.webp\" \/><br \/>\n<!-- epsilon\/Services --><br \/>\nTOP CLASS<br \/>\nHighly Experienced Instructors<br \/>\n<!-- \/epsilon\/Services--><br \/>\n<!-- epsilon\/Services --><br \/>\nPrivate Lessons<br \/>\nPrivate Lessons for Kids &#038; Adults<br \/>\n<!-- \/epsilon\/Services--><br \/>\n<!-- epsilon\/Services --><br \/>\nGroup Lessons<br \/>\nGroups of 6-13 People<br \/>\n<!-- \/epsilon\/Services--><br \/>\n<!-- \/epsilon\/hero --><\/p>\n<p><!-- epsilon\/specialties --><br \/>\n\u05d0\u05d5\u05d3\u05d5\u05ea\u05d9\u05e0\u05d5<br \/>\n\u05d0\u05e0\u05d7\u05e0\u05d5 \u05e6\u05d5\u05d5\u05ea \u05de\u05d3\u05e8\u05d9\u05db\u05d9\u05dd \u05d1\u05d0\u05e0\u05d3\u05d5\u05e8\u05d4<br \/>\n\u05dc\u05db\u05dc \u05d0\u05d7\u05d3 \u05de\u05e6\u05d5\u05d5\u05ea \u05d4\u05de\u05d3\u05e8\u05d9\u05db\u05d9\u05dd \u05e9\u05dc\u05e0\u05d5 \u05de\u05e2\u05dc 10 \u05e9\u05e0\u05d5\u05ea \u05e0\u05d9\u05e1\u05d9\u05d5\u05df \u05d1\u05d4\u05d5\u05e8\u05d0\u05ea \u05e1\u05e7\u05d9 \u05d5\u05e1\u05e0\u05d5\u05d1\u05d5\u05e8\u05d3. \u05d0\u05e0\u05d7\u05e0\u05d5 \u05de\u05ea\u05de\u05e7\u05e6\u05e2\u05d9\u05dd \u05db\u05dc \u05d9\u05d5\u05dd \u05db\u05d3\u05d9 \u05dc\u05d4\u05d1\u05d8\u05d9\u05d7 \u05dc\u05db\u05dd \u05d7\u05d5\u05e4\u05e9\u05d4 \u05de\u05d5\u05e9\u05dc\u05de\u05ea \u05d1\u05d0\u05e0\u05d3\u05d5\u05e8\u05d4 &#8211; \u05e2\u05dd \u05e9\u05d9\u05e2\u05d5\u05e8\u05d9\u05dd \u05d1\u05e8\u05de\u05d4 \u05d4\u05d2\u05d1\u05d5\u05d4\u05d4 \u05d1\u05d9\u05d5\u05ea\u05e8 \u05d5\u05d4\u05db\u05d9 \u05db\u05d9\u05e3 \u05e9\u05d9\u05e9!<br \/>\n<!-- epsilon\/Specialties --><br \/>\nExp\u00e9rience<br \/>\n<em>Notre expertise nous permet de vous proposer le cours id\u00e9al.<\/em><br \/>\n<!-- \/epsilon\/Specialties--><br \/>\n<!-- epsilon\/Specialties --><br \/>\nOffres Sp\u00e9ciales<br \/>\n<em>Jusqu\u2019\u00e0 30% de r\u00e9duction sur la location d\u2019\u00e9quipement de ski.<\/em><br \/>\n<!-- \/epsilon\/Specialties--><br \/>\n<!-- epsilon\/Specialties --><br \/>\nSupport<br \/>\n<em>Contactez-nous pour toute question concernant vos cours de ski.<\/em><br \/>\n<!-- \/epsilon\/Specialties--><br \/>\n<!-- epsilon\/Specialties --><br \/>\nPaiement<br \/>\n<em>Paiement s\u00e9curis\u00e9 en ligne par carte bancaire ou Google Pay.<\/em><br \/>\n<!-- \/epsilon\/Specialties--><br \/>\n<!-- epsilon\/Specialties --><br \/>\n\u041d\u0430\u043f\u0438\u0448\u0438\u0442\u0435 \u043d\u0430\u043c<br \/>\n<a href=\"mailto:booking@skiandclub.ru\">booking@skiandclub.ru<\/a><br \/>\n<!-- \/epsilon\/Specialties--><br \/>\n<!-- epsilon\/Specialties --><br \/>\n\u0412\u0440\u0435\u043c\u044f \u0440\u0430\u0431\u043e\u0442\u044b<br \/>\n7.00 &#8211; 23.00<br \/>\n\u0431\u0435\u0437 \u0432\u044b\u0445\u043e\u0434\u043d\u044b\u0445<br \/>\n<!-- \/epsilon\/Specialties--><br \/>\n<!-- epsilon\/Specialties --><br \/>\n\u0414\u043e\u0441\u0442\u0430\u0432\u043a\u0430<br \/>\n\u0412\u044b \u043f\u043e\u043b\u0443\u0447\u0438\u0442\u0435 \u0431\u0438\u043b\u0435\u0442\u044b \u043d\u0430 \u043e\u0431\u0443\u0447\u0435\u043d\u0438\u044f \u0432 \u043e\u0442\u0435\u043b\u0435 \u0432 \u0434\u0435\u043d\u044c \u0432\u0430\u0448\u0435\u0433\u043e \u043f\u0440\u0438\u0435\u0437\u0434\u0430.<br \/>\n<!-- \/epsilon\/Specialties--><br \/>\n<!-- epsilon\/Specialties --><br \/>\nExperiencia<br \/>\nNuestra experiencia nos permite recomendarte la clase perfecta para ti.<br \/>\n<!-- \/epsilon\/Specialties--><br \/>\n<!-- epsilon\/Specialties --><br \/>\nOfertas Especiales<br \/>\n\u00a1Hasta un 30% de descuento en alquiler de equipo de esqu\u00ed!<br \/>\n<!-- \/epsilon\/Specialties--><br \/>\n<!-- epsilon\/Specialties --><br \/>\nSoporte<br \/>\n\u00a1No dudes en contactarnos para cualquier pregunta sobre tus clases de esqu\u00ed!<br \/>\n<!-- \/epsilon\/Specialties--><br \/>\n<!-- epsilon\/Specialties --><br \/>\nOpciones de Pago<br \/>\nPago seguro online con tarjeta bancaria o Google Pay<br \/>\n<!-- \/epsilon\/Specialties--><br \/>\n<!-- epsilon\/Specialties --><br \/>\n\u0412\u043e\u0437\u0432\u0440\u0430\u0442<br \/>\n\u0412\u044b \u043c\u043e\u0436\u0435\u0442\u0435 \u0432\u0435\u0440\u043d\u0443\u0442\u044c \u043e\u043f\u043b\u0430\u0442\u0443 \u0437\u0430 \u043e\u0431\u0443\u0447\u0435\u043d\u0438\u0435 \u0435\u0441\u043b\u0438 \u0432\u0430\u0448\u0438 \u043f\u043b\u0430\u043d\u044b \u0438\u0437\u043c\u0435\u043d\u0438\u043b\u0438\u0441\u044c.<br \/>\n<!-- \/epsilon\/Specialties--><br \/>\n<!-- epsilon\/Specialties --><br \/>\nExperience<br \/>\nOur experience helps us recommend the perfect lesson for you.<br \/>\n<!-- \/epsilon\/Specialties--><br \/>\n<!-- epsilon\/Specialties --><br \/>\nSpecial Offers<br \/>\nGet up to 30% off ski equipment rental with our special discounts.<br \/>\n<!-- \/epsilon\/Specialties--><br \/>\n<!-- epsilon\/Specialties --><br \/>\nSupport<br \/>\nFeel free to contact us with any questions about your ski lessons.<br \/>\n<!-- \/epsilon\/Specialties--><br \/>\n<!-- epsilon\/Specialties --><br \/>\nPayment<\/p>\n<div class=\"sc-lbJcrp cWuUEe segment_list__original-container\" dir=\"ltr\">\n<div>\n<div>\n<div class=\"segm AT-segment_list__original\">\n<div class=\"sc-eXsaLi jsjEWy\">Secure online payment via bank card or Google Pay.<\/div>\n<div class=\"sc-kbdlSk jQFIDY\"><\/div>\n<\/div>\n<\/div>\n<\/div>\n<\/div>\n<div class=\"sc-fKWMtX dvkXTA\"><\/div>\n<p><!-- \/epsilon\/Specialties--><br \/>\n<!-- epsilon\/Specialties --><br \/>\n\u05e0\u05d9\u05e1\u05d9\u05d5\u05df<br \/>\n\u05d4\u05e0\u05d9\u05e1\u05d9\u05d5\u05df \u05e9\u05dc\u05e0\u05d5 \u05de\u05d0\u05e4\u05e9\u05e8 \u05dc\u05e0\u05d5 \u05dc\u05d4\u05de\u05dc\u05d9\u05e5 \u05e2\u05dc \u05d4\u05e9\u05d9\u05e2\u05d5\u05e8 \u05d4\u05de\u05d5\u05e9\u05dc\u05dd \u05e2\u05d1\u05d5\u05e8\u05db\u05dd.<br \/>\n<!-- \/epsilon\/Specialties--><br \/>\n<!-- epsilon\/Specialties --><br \/>\n\u05d4\u05e6\u05e2\u05d5\u05ea \u05de\u05d9\u05d5\u05d7\u05d3\u05d5\u05ea<br \/>\n\u05d4\u05e0\u05d9\u05e1\u05d9\u05d5\u05df \u05e9\u05dc\u05e0\u05d5 \u05de\u05d0\u05e4\u05e9\u05e8 \u05dc\u05e0\u05d5 \u05dc\u05d4\u05de\u05dc\u05d9\u05e5 \u05e2\u05dc \u05d4\u05e9\u05d9\u05e2\u05d5\u05e8 \u05d4\u05de\u05d5\u05e9\u05dc\u05dd \u05e2\u05d1\u05d5\u05e8\u05db\u05dd.<br \/>\n<!-- \/epsilon\/Specialties--><br \/>\n<!-- epsilon\/Specialties --><br \/>\n\u05ea\u05de\u05d9\u05db\u05d4<br \/>\n\u05d0\u05e0\u05d0 \u05e6\u05e8\u05d5 \u05d0\u05d9\u05ea\u05e0\u05d5 \u05e7\u05e9\u05e8 \u05e2\u05dd \u05db\u05dc \u05e9\u05d0\u05dc\u05d4 \u05d1\u05e0\u05d5\u05d2\u05e2 \u05dc\u05e9\u05d9\u05e2\u05d5\u05e8\u05d9 \u05d4\u05e1\u05e7\u05d9 \u05e9\u05dc\u05db\u05dd.<br \/>\n<!-- \/epsilon\/Specialties--><br \/>\n<!-- epsilon\/Specialties --><br \/>\n\u05d0\u05de\u05e6\u05e2\u05d9 \u05ea\u05e9\u05dc\u05d5\u05dd<br \/>\n\u05ea\u05e9\u05dc\u05d5\u05dd \u05de\u05d0\u05d5\u05d1\u05d8\u05d7 \u05d1\u05d0\u05d9\u05e0\u05d8\u05e8\u05e0\u05d8 \u05d1\u05d0\u05de\u05e6\u05e2\u05d5\u05ea \u05db\u05e8\u05d8\u05d9\u05e1 \u05d1\u05e0\u05e7 \u05d0\u05d5 Google Pay.<br \/>\n<!-- \/epsilon\/Specialties--><br \/>\n<!-- \/epsilon\/specialties --><\/p>\n<p><!-- epsilon\/about --><\/p>\n<h3>\u05de\u05d3\u05e8\u05d9\u05db\u05d9 \u05e1\u05e7\u05d9 \u05de\u05e0\u05d5\u05e1\u05d9\u05dd<\/h3>\n<p style=\"text-align: justify;\">\u05d1<a href=\"https:\/\/skischool.ad\/he\/rates\/\">\u05d1\u05d9\u05ea \u05d4\u05e1\u05e4\u05e8 \u05e9\u05dc\u05e0\u05d5 \u05dc\u05e1\u05e7\u05d9<\/a> \u05d0\u05e0\u05d5 \u05de\u05e6\u05d9\u05e2\u05d9\u05dd \u05e4\u05d5\u05e8\u05de\u05d8\u05d9\u05dd \u05e9\u05d5\u05e0\u05d9\u05dd \u05e9\u05dc \u05d0\u05d9\u05de\u05d5\u05e0\u05d9\u05dd \u05dc\u05dc\u05d9\u05de\u05d5\u05d3 \u05d8\u05db\u05e0\u05d9\u05e7\u05d5\u05ea \u05d2\u05dc\u05d9\u05e9\u05d4 \u05d1\u05d0\u05e0\u05d3\u05d5\u05e8\u05d4. \u05d0\u05e0\u05d5 \u05de\u05e1\u05e4\u05e7\u05d9\u05dd \u05e9\u05d9\u05e2\u05d5\u05e8\u05d9\u05dd \u05e7\u05d1\u05d5\u05e6\u05ea\u05d9\u05d9\u05dd, \u05e9\u05d9\u05e2\u05d5\u05e8\u05d9\u05dd \u05e4\u05e8\u05d8\u05d9\u05d9\u05dd \u05d5\u05d0\u05d9\u05de\u05d5\u05e0\u05d9\u05dd \u05d1\u05e8\u05de\u05ea \u05e4\u05e8\u05d9\u05de\u05d9\u05d5\u05dd \u05e2\u05dd \u05de\u05d3\u05e8\u05d9\u05db\u05d9\u05dd \u05de\u05d5\u05e1\u05de\u05db\u05d9\u05dd. \u05d0\u05e0\u05d5 \u05de\u05e6\u05d9\u05e2\u05d9\u05dd \u05e9\u05d9\u05e2\u05d5\u05e8\u05d9 \u05e1\u05e7\u05d9 \u05e7\u05d1\u05d5\u05e6\u05ea\u05d9\u05d9\u05dd, \u05e4\u05e8\u05d8\u05d9\u05d9\u05dd \u05d5\u05e4\u05e8\u05d9\u05de\u05d9\u05d5\u05dd \u05d1\u05d0\u05e0\u05d3\u05d5\u05e8\u05d4. \u05d4\u05de\u05d3\u05e8\u05d9\u05db\u05d9\u05dd \u05d4\u05de\u05d5\u05e1\u05de\u05db\u05d9\u05dd \u05e9\u05dc\u05e0\u05d5 \u05d9\u05de\u05dc\u05d9\u05e6\u05d5 \u05d5\u05d9\u05d7\u05e4\u05e9\u05d5 \u05e2\u05d1\u05d5\u05e8\u05db\u05dd \u05d0\u05ea \u05d4\u05e4\u05d5\u05e8\u05de\u05d8 \u05d4\u05de\u05d5\u05e9\u05dc\u05dd.<\/p>\n<p><img decoding=\"async\" src=\"https:\/\/skischool.ad\/wp-content\/uploads\/2020\/04\/znaki-3-1.jpg\" \/><br \/>\n<!-- epsilon\/About --><br \/>\nTOP  CLASS<br \/>\n<em>Moniteurs de ski professionnels certifi\u00e9s pour tous niveaux. Id\u00e9al pour perfectionner votre technique ou vivre une premi\u00e8re exp\u00e9rience neige.<\/em><br \/>\n<!-- \/epsilon\/About--><br \/>\n<!-- epsilon\/About --><br \/>\nCours Particuliers<br \/>\n<em>Le\u00e7ons priv\u00e9es de ski : m\u00e9thode ultra-efficace pour progresser. Nos moniteurs certifi\u00e9s en Andorre cr\u00e9ent un programme 100% personnalis\u00e9.<\/em><br \/>\n<!-- \/epsilon\/About--><br \/>\n<!-- epsilon\/About --><br \/>\nCours Collectifs<br \/>\n<em>S\u00e9ances de ski alpin de 3h en groupes multilingues (6+ pers.). Niveaux homog\u00e8nes. M\u00e9thodologie adapt\u00e9e aux cours collectifs.<\/em><br \/>\n<!-- \/epsilon\/About--><br \/>\n<!-- epsilon\/About --><br \/>\nTop Class Instructor<\/p>\n<p style=\"text-align: justify;\"><em>Certified professional ski instructors for all skill levels. Perfect for both improving your technique and your first skiing experience.<\/em><\/p>\n<p><!-- \/epsilon\/About--><br \/>\n<!-- epsilon\/About --><br \/>\nPrivate Lesson<\/p>\n<p style=\"text-align: justify;\"><em>Private ski lessons are an effective way to learn skiing techniques. Our certified instructor in Andorra will create a personalized training program for you.<\/em><\/p>\n<p><!-- \/epsilon\/About--><br \/>\n<!-- epsilon\/About --><br \/>\nGroup Lessons<\/p>\n<p style=\"text-align: justify;\"><em>3-hour group ski lessons in multilingual groups of 6+ people. Groups are organized by skill level. Instruction follows a standard group format.<\/em><\/p>\n<p><!-- \/epsilon\/About--><br \/>\n<!-- epsilon\/About --><br \/>\nTOP CLASS<br \/>\n<em>Monitores profesionales de esqu\u00ed certificados para todos los niveles. Perfecto tanto para mejorar tu t\u00e9cnica como para tu primera experiencia en la nieve.<\/em><br \/>\n<!-- \/epsilon\/About--><br \/>\n<!-- epsilon\/About --><br \/>\nClases particulares<br \/>\n<em>Clases privadas de esqu\u00ed: el m\u00e9todo m\u00e1s efectivo para aprender t\u00e9cnica. Nuestros monitores certificado en Andorra crear\u00e1 un programa personalizado para ti.<\/em><br \/>\n<!-- \/epsilon\/About--><br \/>\n<!-- epsilon\/About --><br \/>\nClases colectivas<br \/>\n<em>Clases colectivas de esqu\u00ed alpino de 3 horas en grupos <span class=\"error-spellcheck\" data-word=\"multiling\u00fces\" data-suggestion=\"multilaterales\">multiling\u00fces<\/span> (6+ personas). Grupos organizados por nivel. Metodolog\u00eda est\u00e1ndar para clases colectivas.<\/em><br \/>\n<!-- \/epsilon\/About--><br \/>\n<!-- epsilon\/About --><br \/>\n\u05de\u05d3\u05e8\u05d9\u05da \u05de\u05d4\u05e9\u05d5\u05e8\u05d4 \u05d4\u05e8\u05d0\u05e9\u05d5\u05e0\u05d4<br \/>\n<em>\u05de\u05d3\u05e8\u05d9\u05db\u05d9 \u05e1\u05e7\u05d9 \u05de\u05d5\u05e1\u05de\u05db\u05d9\u05dd \u05dc\u05db\u05dc \u05d4\u05e8\u05de\u05d5\u05ea \u2013 \u05d4\u05e9\u05d9\u05e4\u05d5\u05e8 \u05d4\u05d8\u05db\u05e0\u05d9\u05e7\u05d4, \u05d4\u05d1\u05d9\u05d8\u05d7\u05d5\u05df \u05e9\u05dc\u05da \u05d5\u05d7\u05d5\u05d5\u05d9\u05d4 \u05de\u05d5\u05e9\u05dc\u05de\u05ea \u05e2\u05dc \u05de\u05d3\u05e8\u05d5\u05e0\u05d5\u05ea \u05d4\u05d0\u05e0\u05d3\u05d5\u05e8\u05d4 \u05d4\u05de\u05e8\u05d4\u05d9\u05d1\u05d9\u05dd!<\/em><br \/>\n<!-- \/epsilon\/About--><br \/>\n<!-- epsilon\/About --><br \/>\n\u05e9\u05d9\u05e2\u05d5\u05e8 \u05e1\u05e7\u05d9 \u05e4\u05e8\u05d8\u05d9<br \/>\n<em>\u05e9\u05d9\u05e2\u05d5\u05e8\u05d9 \u05e1\u05e7\u05d9 \u05e4\u05e8\u05d8\u05d9\u05d9\u05dd &#8211; \u05d4\u05d3\u05e8\u05da \u05d4\u05d9\u05e2\u05d9\u05dc\u05d4 \u05d1\u05d9\u05d5\u05ea\u05e8 \u05dc\u05dc\u05de\u05d5\u05d3 \u05d8\u05db\u05e0\u05d9\u05e7\u05d5\u05ea \u05d2\u05dc\u05d9\u05e9\u05d4! \u05d4\u05de\u05d3\u05e8\u05d9\u05da \u05d4\u05de\u05d5\u05e1\u05de\u05da \u05e9\u05dc\u05e0\u05d5 \u05d1\u05d0\u05e0\u05d3\u05d5\u05e8\u05d4 \u05d9\u05ea\u05d0\u05d9\u05dd \u05e2\u05d1\u05d5\u05e8\u05db\u05dd \u05ea\u05d5\u05db\u05e0\u05d9\u05ea \u05d0\u05d9\u05de\u05d5\u05e0\u05d9\u05dd \u05d0\u05d9\u05e9\u05d9\u05ea.<\/em><br \/>\n<!-- \/epsilon\/About--><br \/>\n<!-- epsilon\/About --><br \/>\n\u05e9\u05d9\u05e2\u05d5\u05e8\u05d9 \u05e1\u05e7\u05d9 \u05e7\u05d1\u05d5\u05e6\u05ea\u05d9\u05d9\u05dd<br \/>\n<em>\u05e9\u05d9\u05e2\u05d5\u05e8\u05d9 \u05e1\u05e7\u05d9 \u05e7\u05d1\u05d5\u05e6\u05ea\u05d9\u05d9\u05dd \u05d1\u05ea 3 \u05e9\u05e2\u05d5\u05ea, \u05d1\u05e7\u05d1\u05d5\u05e6\u05d5\u05ea \u05e8\u05d1-\u05dc\u05e9\u05d5\u05e0\u05d9\u05d5\u05ea \u05de-6 \u05de\u05e9\u05ea\u05ea\u05e4\u05d9\u05dd \u05d5\u05de\u05e2\u05dc\u05d4. \u05d4\u05e7\u05d1\u05d5\u05e6\u05d5\u05ea \u05de\u05d7\u05d5\u05dc\u05e7\u05d5\u05ea \u05dc\u05e4\u05d9 \u05e8\u05de\u05ea \u05de\u05d9\u05d5\u05de\u05e0\u05d5\u05ea, \u05e2\u05dd \u05ea\u05d5\u05db\u05e0\u05d9\u05ea \u05dc\u05d9\u05de\u05d5\u05d3\u05d9\u05dd \u05e7\u05d1\u05d5\u05e6\u05ea\u05d9\u05ea \u05e1\u05d8\u05e0\u05d3\u05e8\u05d8\u05d9\u05ea.<\/em><br \/>\n<!-- \/epsilon\/About--><br \/>\n<!-- \/epsilon\/about --><\/p>\n<p><!-- epsilon\/openhours --><\/p>\n<h1>\u05e9\u05d9\u05e2\u05d5\u05e8\u05d9 \u05e1\u05e7\u05d9 \u05d1\u05d0\u05e0\u05d3\u05d5\u05e8\u05d4<\/h1>\n<p class=\"text-center\">\u05dc\u05d9\u05de\u05d5\u05d3\u05d9 \u05d4\u05e1\u05e7\u05d9 \u05e9\u05dc\u05e0\u05d5 \u05d9\u05e2\u05d6\u05e8\u05d5 \u05dc\u05da \u05dc\u05e8\u05db\u05d5\u05e9 \u05d8\u05db\u05e0\u05d9\u05e7\u05d5\u05ea \u05d2\u05dc\u05d9\u05e9\u05d4 \u05d1\u05d6\u05de\u05df \u05d4\u05e7\u05e6\u05e8 \u05d1\u05d9\u05d5\u05ea\u05e8. \u05e9\u05d9\u05e2\u05d5\u05e8\u05d9 \u05d4\u05e1\u05e7\u05d9 \u05de\u05d0\u05d9\u05e6\u05d9\u05dd \u05d0\u05ea \u05d4\u05d4\u05ea\u05e7\u05d3\u05de\u05d5\u05ea \u05e9\u05dc\u05da. \u05d4\u05de\u05d3\u05e8\u05d9\u05db\u05d9\u05dd \u05d4\u05de\u05d5\u05e1\u05de\u05db\u05d9\u05dd \u05e9\u05dc\u05e0\u05d5 \u05de\u05e0\u05ea\u05d7\u05d9\u05dd \u05d0\u05ea \u05d4\u05d8\u05db\u05e0\u05d9\u05e7\u05d4 \u05e9\u05dc\u05da, \u05de\u05e6\u05d9\u05e2\u05d9\u05dd \u05e9\u05d9\u05e4\u05d5\u05e8\u05d9\u05dd \u05d5\u05de\u05ea\u05d0\u05d9\u05de\u05d9\u05dd \u05d0\u05ea \u05de\u05e1\u05dc\u05d5\u05dc\u05d9 \u05d4\u05d2\u05dc\u05d9\u05e9\u05d4 \u05dc\u05e8\u05de\u05d4 \u05e9\u05dc\u05da.<\/p>\n<p><img decoding=\"async\" src=\"https:\/\/skischool.ad\/wp-content\/uploads\/2020\/04\/monitor-back-2-lite.jpg\" \/><br \/>\n<!-- epsilon\/Schedule --><br \/>\nGrandvalira<br \/>\n9:00 &#8211; 17:00<br \/>\n<!-- \/epsilon\/Schedule--><br \/>\n<!-- epsilon\/Schedule --><br \/>\nArcalis<br \/>\n9:00 &#8211; 17:00<br \/>\n<!-- \/epsilon\/Schedule--><br \/>\n<!-- epsilon\/Schedule --><br \/>\nArinsal<br \/>\n9:00 &#8211; 17:00<br \/>\n<!-- \/epsilon\/Schedule--><br \/>\n<!-- epsilon\/Schedule --><br \/>\nPal<br \/>\n9:00 &#8211; 17:00<br \/>\n<!-- \/epsilon\/Schedule--><br \/>\n<!-- \/epsilon\/openhours --><\/p>\n<p><!-- epsilon\/appointment --><br \/>\n<strong>\u05d4\u05d6\u05de\u05d9\u05e0\u05d5 \u05e2\u05db\u05e9\u05d9\u05d5!<\/strong><br \/>\n<img decoding=\"async\" src=\"https:\/\/skischool.ad\/wp-content\/uploads\/2020\/04\/stolb-1.jpg\" \/><br \/>\n<!-- \/epsilon\/appointment --><\/p>\n","protected":false},"excerpt":{"rendered":"<p>\u05e9\u05d9\u05e2\u05d5\u05e8\u05d9 \u05e1\u05e7\u05d9 \u05d1\u05d0\u05e0\u05d3\u05d5\u05e8\u05d4 \u05e4\u05e8\u05d8\u05d9 \u05d5\u05e7\u05d1\u05d5\u05e6\u05ea\u05d9 \u05de\u05d3\u05e8\u05d9\u05db\u05d9 \u05e1\u05e7\u05d9 \u05de\u05e7\u05e6\u05d5\u05e2\u05d9\u05d9\u05dd \u05d1\u05d0\u05e0\u05d3\u05d5\u05e8\u05d4 &#8211; \u05d4\u05d6\u05de\u05d9\u05e0\u05d5 \u05e9\u05d9\u05e2\u05d5\u05e8 \u05d4\u05d9\u05d5\u05dd! TOP CLASS Highly Experienced Instructors Private Lessons Private Lessons for Kids &#038; Adults Group Lessons Groups of 6-13 People \u05d0\u05d5\u05d3\u05d5\u05ea\u05d9\u05e0\u05d5 \u05d0\u05e0\u05d7\u05e0\u05d5 \u05e6\u05d5\u05d5\u05ea \u05de\u05d3\u05e8\u05d9\u05db\u05d9\u05dd \u05d1\u05d0\u05e0\u05d3\u05d5\u05e8\u05d4 \u05dc\u05db\u05dc \u05d0\u05d7\u05d3 \u05de\u05e6\u05d5\u05d5\u05ea \u05d4\u05de\u05d3\u05e8\u05d9\u05db\u05d9\u05dd \u05e9\u05dc\u05e0\u05d5 \u05de\u05e2\u05dc 10 \u05e9\u05e0\u05d5\u05ea \u05e0\u05d9\u05e1\u05d9\u05d5\u05df \u05d1\u05d4\u05d5\u05e8\u05d0\u05ea \u05e1\u05e7\u05d9 \u05d5\u05e1\u05e0\u05d5\u05d1\u05d5\u05e8\u05d3. \u05d0\u05e0\u05d7\u05e0\u05d5 \u05de\u05ea\u05de\u05e7\u05e6\u05e2\u05d9\u05dd \u05db\u05dc \u05d9\u05d5\u05dd \u05db\u05d3\u05d9 \u05dc\u05d4\u05d1\u05d8\u05d9\u05d7 [&hellip;]<\/p>\n","protected":false},"author":1,"featured_media":1555,"parent":0,"menu_order":0,"comment_status":"closed","ping_status":"closed","template":"","meta":{"footnotes":""},"class_list":["post-1777","page","type-page","status-publish","has-post-thumbnail","hentry"],"_links":{"self":[{"href":"https:\/\/skischool.ad\/he\/wp-json\/wp\/v2\/pages\/1777","targetHints":{"allow":["GET"]}}],"collection":[{"href":"https:\/\/skischool.ad\/he\/wp-json\/wp\/v2\/pages"}],"about":[{"href":"https:\/\/skischool.ad\/he\/wp-json\/wp\/v2\/types\/page"}],"author":[{"embeddable":true,"href":"https:\/\/skischool.ad\/he\/wp-json\/wp\/v2\/users\/1"}],"replies":[{"embeddable":true,"href":"https:\/\/skischool.ad\/he\/wp-json\/wp\/v2\/comments?post=1777"}],"version-history":[{"count":1,"href":"https:\/\/skischool.ad\/he\/wp-json\/wp\/v2\/pages\/1777\/revisions"}],"predecessor-version":[{"id":2413,"href":"https:\/\/skischool.ad\/he\/wp-json\/wp\/v2\/pages\/1777\/revisions\/2413"}],"wp:featuredmedia":[{"embeddable":true,"href":"https:\/\/skischool.ad\/he\/wp-json\/wp\/v2\/media\/1555"}],"wp:attachment":[{"href":"https:\/\/skischool.ad\/he\/wp-json\/wp\/v2\/media?parent=1777"}],"curies":[{"name":"wp","href":"https:\/\/api.w.org\/{rel}","templated":true}]}}